{"id":180,"date":"2021-03-25T09:51:43","date_gmt":"2021-03-25T08:51:43","guid":{"rendered":"https:\/\/www.albeeassociati.it\/?page_id=180"},"modified":"2025-11-14T14:15:54","modified_gmt":"2025-11-14T13:15:54","slug":"newsletter","status":"publish","type":"page","link":"https:\/\/www.albeeassociati.it\/en\/newsletter\/","title":{"rendered":"Newsletter"},"content":{"rendered":"\n<div class=\"wp-block-group is-layout-flow\"><div class=\"wp-block-group__inner-container\">\n<p>La newsletter di&nbsp;<strong>A&amp;A \u2013 Alb\u00e8 &amp; Associati&nbsp;<\/strong>\u00e8 pensata per offrire&nbsp;contenuti utili e di qualit\u00e0, rivolti principalmente al&nbsp;<strong><em>mondo impresa<\/em><\/strong>, ma aperti anche a chi desidera approfondire argomenti giuridici di attualit\u00e0 o conoscere le iniziative culturali e i progetti speciali dello Studio.<\/p>\n\n\n\n<p>Troverai:<\/p>\n\n\n\n<ul>\n<li>articoli o pillole, particolarmente interessanti per chi gestisce o supporta realt\u00e0 aziendali;<\/li>\n\n\n\n<li>le ultime novit\u00e0 dello Studio, nuovi progetti o servizi attivati;<\/li>\n\n\n\n<li>le attivit\u00e0 di formazione o progetti speciali, che affrontano temi di attualit\u00e0 e innovazione;<\/li>\n\n\n\n<li>le iniziative culturali tra cui incontri, eventi, collaborazioni e momenti di confronto aperti alla comunit\u00e0.<\/li>\n<\/ul>\n<\/div><\/div>\n","protected":false},"excerpt":{"rendered":"<p>La newsletter di&nbsp;A&amp;A \u2013 Alb\u00e8 &amp; Associati&nbsp;\u00e8 pensata per offrire&nbsp;contenuti utili e di qualit\u00e0, rivolti principalmente al&nbsp;mondo impresa, ma aperti anche a chi desidera approfondire argomenti giuridici di attualit\u00e0 o conoscere le iniziative culturali e i progetti speciali dello Studio. Troverai:<\/p>\n","protected":false},"author":1,"featured_media":20291,"parent":0,"menu_order":29,"comment_status":"closed","ping_status":"closed","template":"","meta":[],"acf":[],"_links":{"self":[{"href":"https:\/\/www.albeeassociati.it\/en\/wp-json\/wp\/v2\/pages\/180"}],"collection":[{"href":"https:\/\/www.albeeassociati.it\/en\/wp-json\/wp\/v2\/pages"}],"about":[{"href":"https:\/\/www.albeeassociati.it\/en\/wp-json\/wp\/v2\/types\/page"}],"author":[{"embeddable":true,"href":"https:\/\/www.albeeassociati.it\/en\/wp-json\/wp\/v2\/users\/1"}],"replies":[{"embeddable":true,"href":"https:\/\/www.albeeassociati.it\/en\/wp-json\/wp\/v2\/comments?post=180"}],"version-history":[{"count":10,"href":"https:\/\/www.albeeassociati.it\/en\/wp-json\/wp\/v2\/pages\/180\/revisions"}],"predecessor-version":[{"id":20293,"href":"https:\/\/www.albeeassociati.it\/en\/wp-json\/wp\/v2\/pages\/180\/revisions\/20293"}],"wp:featuredmedia":[{"embeddable":true,"href":"https:\/\/www.albeeassociati.it\/en\/wp-json\/wp\/v2\/media\/20291"}],"wp:attachment":[{"href":"https:\/\/www.albeeassociati.it\/en\/wp-json\/wp\/v2\/media?parent=180"}],"curies":[{"name":"wp","href":"https:\/\/api.w.org\/{rel}","templated":true}]}}